{"id":531,"date":"2025-10-29T11:40:39","date_gmt":"2025-10-29T11:40:39","guid":{"rendered":"https:\/\/hotelknopp.hr\/?page_id=531"},"modified":"2026-02-10T08:58:51","modified_gmt":"2026-02-10T08:58:51","slug":"nasa-prica","status":"publish","type":"page","link":"https:\/\/hotelknopp.hr\/en\/nasa-prica\/","title":{"rendered":"Our Story"},"content":{"rendered":"<div data-elementor-type=\"wp-page\" data-elementor-id=\"531\" class=\"elementor elementor-531\" data-elementor-post-type=\"page\">\n\t\t\t\t<div class=\"elementor-element elementor-element-e1e4fdd e-flex e-con-boxed e-con e-parent\" data-id=\"e1e4fdd\" data-element_type=\"container\" data-e-type=\"container\" data-settings=\"{&quot;background_background&quot;:&quot;classic&quot;}\">\n\t\t\t\t\t<div class=\"e-con-inner\">\n\t\t\t\t<div class=\"elementor-element elementor-element-f45ddd5 elementor-widget elementor-widget-heading\" data-id=\"f45ddd5\" data-element_type=\"widget\" data-e-type=\"widget\" data-widget_type=\"heading.default\">\n\t\t\t\t\t<h2 class=\"elementor-heading-title elementor-size-default\">Our Story<\/h2>\t\t\t\t<\/div>\n\t\t\t\t\t<\/div>\n\t\t\t\t<\/div>\n\t\t<div class=\"elementor-element elementor-element-6314da5 e-flex e-con-boxed e-con e-parent\" data-id=\"6314da5\" data-element_type=\"container\" data-e-type=\"container\">\n\t\t\t\t\t<div class=\"e-con-inner\">\n\t\t<div class=\"elementor-element elementor-element-62c30a7 e-con-full e-flex elementor-invisible e-con e-child\" data-id=\"62c30a7\" data-element_type=\"container\" data-e-type=\"container\" data-settings=\"{&quot;background_background&quot;:&quot;classic&quot;,&quot;animation&quot;:&quot;fadeInLeft&quot;,&quot;animation_delay&quot;:700}\">\n\t\t\t\t<div class=\"elementor-element elementor-element-b631136 elementor-widget elementor-widget-heading\" data-id=\"b631136\" data-element_type=\"widget\" data-e-type=\"widget\" data-widget_type=\"heading.default\">\n\t\t\t\t\t<h2 class=\"elementor-heading-title elementor-size-default\">We bring the present together with the most delightful experiences of a small hotel with a whimsical past.<\/h2>\t\t\t\t<\/div>\n\t\t\t\t<div class=\"elementor-element elementor-element-b509e6c elementor-widget__width-initial elementor-widget elementor-widget-text-editor\" data-id=\"b509e6c\" data-element_type=\"widget\" data-e-type=\"widget\" data-widget_type=\"text-editor.default\">\n\t\t\t\t\t\t\t\t\t<p>Hotel Knopp was founded in 1865 by Adalbert Knopp Sr. Resourceful and enterprising, Adalbert understood the heartbeat of the town. The hotel quickly became a gathering place for the era\u2019s finest minds- a stage for numerous social and cultural events, performances, concerts, and dances- attended by Croatian bans, Zagreb bishops, actors, artists, and royal district officials.<\/p>\t\t\t\t\t\t\t\t<\/div>\n\t\t\t\t<\/div>\n\t\t<div class=\"elementor-element elementor-element-dbf3d9b e-con-full e-flex elementor-invisible e-con e-child\" data-id=\"dbf3d9b\" data-element_type=\"container\" data-e-type=\"container\" data-settings=\"{&quot;background_background&quot;:&quot;classic&quot;,&quot;animation&quot;:&quot;fadeInRight&quot;,&quot;animation_delay&quot;:900}\">\n\t\t\t\t<\/div>\n\t\t\t\t\t<\/div>\n\t\t\t\t<\/div>\n\t\t<div class=\"elementor-element elementor-element-00da322 e-flex e-con-boxed e-con e-parent\" data-id=\"00da322\" data-element_type=\"container\" data-e-type=\"container\">\n\t\t\t\t\t<div class=\"e-con-inner\">\n\t\t<div class=\"elementor-element elementor-element-f41d447 e-con-full e-flex elementor-invisible e-con e-child\" data-id=\"f41d447\" data-element_type=\"container\" data-e-type=\"container\" data-settings=\"{&quot;background_background&quot;:&quot;classic&quot;,&quot;animation&quot;:&quot;fadeInLeft&quot;}\">\n\t\t\t\t<\/div>\n\t\t<div class=\"elementor-element elementor-element-a8c6d4b e-con-full e-flex elementor-invisible e-con e-child\" data-id=\"a8c6d4b\" data-element_type=\"container\" data-e-type=\"container\" data-settings=\"{&quot;background_background&quot;:&quot;classic&quot;,&quot;animation&quot;:&quot;fadeInRight&quot;}\">\n\t\t\t\t<div class=\"elementor-element elementor-element-7b330a4 elementor-widget elementor-widget-heading\" data-id=\"7b330a4\" data-element_type=\"widget\" data-e-type=\"widget\" data-widget_type=\"heading.default\">\n\t\t\t\t\t<h2 class=\"elementor-heading-title elementor-size-default\">His son, Adalbert Jr., followed in his footsteps yet carved a world of his own<\/h2>\t\t\t\t<\/div>\n\t\t\t\t<div class=\"elementor-element elementor-element-b9f93ed elementor-widget__width-initial elementor-widget elementor-widget-text-editor\" data-id=\"b9f93ed\" data-element_type=\"widget\" data-e-type=\"widget\" data-widget_type=\"text-editor.default\">\n\t\t\t\t\t\t\t\t\t<p>- a world where enterprise and imagination intertwined. He founded singing and tamburitza society, as well as an amateur theatre group. Under his guidance, the people of Novska learnt to dance the once fashionable \u010detvorka and the salon kolo. <\/p>\t\t\t\t\t\t\t\t<\/div>\n\t\t\t\t<\/div>\n\t\t\t\t\t<\/div>\n\t\t\t\t<\/div>\n\t\t<div class=\"elementor-element elementor-element-aa44c5b e-flex e-con-boxed e-con e-parent\" data-id=\"aa44c5b\" data-element_type=\"container\" data-e-type=\"container\">\n\t\t\t\t\t<div class=\"e-con-inner\">\n\t\t<div class=\"elementor-element elementor-element-9ff60f2 e-con-full e-flex elementor-invisible e-con e-child\" data-id=\"9ff60f2\" data-element_type=\"container\" data-e-type=\"container\" data-settings=\"{&quot;background_background&quot;:&quot;classic&quot;,&quot;animation&quot;:&quot;fadeInLeft&quot;,&quot;animation_delay&quot;:700}\">\n\t\t\t\t<div class=\"elementor-element elementor-element-baf3fd1 elementor-widget elementor-widget-heading\" data-id=\"baf3fd1\" data-element_type=\"widget\" data-e-type=\"widget\" data-widget_type=\"heading.default\">\n\t\t\t\t\t<h2 class=\"elementor-heading-title elementor-size-default\">Hotel Knopp draws inspiration from its imaginative past.<\/h2>\t\t\t\t<\/div>\n\t\t\t\t<div class=\"elementor-element elementor-element-3916c43 elementor-widget__width-initial elementor-widget elementor-widget-text-editor\" data-id=\"3916c43\" data-element_type=\"widget\" data-e-type=\"widget\" data-widget_type=\"text-editor.default\">\n\t\t\t\t\t\t\t\t\t<p>From Adalbert Knopp, the icehouse, the garden, the fine raspberry cordials, to the soir\u00e9es- from 1865 to 2025. We celebrate the visionary heritage and imaginative spirit of the Knopp family. The present does not turn its back on tradition; it creates a more imaginative, inspiring, and exciting today. In a world that changes quickly, pause for a moment and feel as though you\u2019ve stepped into the early 20th century. Step inside our hotel and, we believe, you will feel stirring emotions awakened by its whimsical history. <\/p>\t\t\t\t\t\t\t\t<\/div>\n\t\t\t\t<\/div>\n\t\t<div class=\"elementor-element elementor-element-0d8f9f1 e-con-full e-flex elementor-invisible e-con e-child\" data-id=\"0d8f9f1\" data-element_type=\"container\" data-e-type=\"container\" data-settings=\"{&quot;background_background&quot;:&quot;classic&quot;,&quot;animation&quot;:&quot;fadeInRight&quot;,&quot;animation_delay&quot;:900}\">\n\t\t\t\t<\/div>\n\t\t\t\t\t<\/div>\n\t\t\t\t<\/div>\n\t\t<div class=\"elementor-element elementor-element-edc213c e-flex e-con-boxed e-con e-parent\" data-id=\"edc213c\" data-element_type=\"container\" data-e-type=\"container\">\n\t\t\t\t\t<div class=\"e-con-inner\">\n\t\t<div class=\"elementor-element elementor-element-ee9d5d5 e-con-full e-flex elementor-invisible e-con e-child\" data-id=\"ee9d5d5\" data-element_type=\"container\" data-e-type=\"container\" data-settings=\"{&quot;background_background&quot;:&quot;classic&quot;,&quot;animation&quot;:&quot;fadeInLeft&quot;}\">\n\t\t\t\t<\/div>\n\t\t<div class=\"elementor-element elementor-element-36ba766 e-con-full e-flex elementor-invisible e-con e-child\" data-id=\"36ba766\" data-element_type=\"container\" data-e-type=\"container\" data-settings=\"{&quot;background_background&quot;:&quot;classic&quot;,&quot;animation&quot;:&quot;fadeInRight&quot;}\">\n\t\t\t\t<div class=\"elementor-element elementor-element-d0fbb61 elementor-widget elementor-widget-heading\" data-id=\"d0fbb61\" data-element_type=\"widget\" data-e-type=\"widget\" data-widget_type=\"heading.default\">\n\t\t\t\t\t<h2 class=\"elementor-heading-title elementor-size-default translation-block\">Pause for a moment<br \/> in a world of imaginative history<\/h2>\t\t\t\t<\/div>\n\t\t\t\t<div class=\"elementor-element elementor-element-c983d65 elementor-widget__width-initial elementor-widget elementor-widget-text-editor\" data-id=\"c983d65\" data-element_type=\"widget\" data-e-type=\"widget\" data-widget_type=\"text-editor.default\">\n\t\t\t\t\t\t\t\t\t<p>and experience it through the peony garden, ice sculptures and cocktails, soir\u00e9es, museum, and cinema hall. As the distinguished citizens of Novska once danced and gathered here, today the hotel invites you to slow down,\nto savour the moment, and enjoy the present moment. Adalbert helped create a world of refined experiences. We honour that legacy by blending the artistry of an imaginative past\nwith the beauty of contemporary experiences.<\/p>\t\t\t\t\t\t\t\t<\/div>\n\t\t\t\t<\/div>\n\t\t\t\t\t<\/div>\n\t\t\t\t<\/div>\n\t\t\t\t<\/div>","protected":false},"excerpt":{"rendered":"<p>Na\u0161a pri\u010da Spajamo danas s ljep\u0161im do\u017eivljajima malog hotela ma\u0161tovite pro\u0161losti. Hotel Knopp osnovao je Adalbert Knopp stariji1865. godine. Domi\u0161ljat i poduzetan Adalbert osjetio je bilo grada. U hotelu je \u201ckrema\u201d novljanskog dru\u0161tva u\u017eivala u mnogim dru\u0161tvenim i kulturnim sadr\u017eajima, priredbama, koncertima i plesnim zabavama. Ovo mjesto okupljanja i odmora posje\u0107ivali su hrvatski banovi, zagreba\u010dki [&hellip;]<\/p>\n","protected":false},"author":1,"featured_media":556,"parent":0,"menu_order":0,"comment_status":"closed","ping_status":"closed","template":"elementor_header_footer","meta":{"footnotes":""},"class_list":["post-531","page","type-page","status-publish","has-post-thumbnail","hentry"],"yoast_head":"<!-- This site is optimized with the Yoast SEO plugin v27.3 - https:\/\/yoast.com\/product\/yoast-seo-wordpress\/ -->\n<title>Na\u0161a pri\u010da - HOTEL KNOPP<\/title>\n<meta name=\"robots\" content=\"index, follow, max-snippet:-1, max-image-preview:large, max-video-preview:-1\" \/>\n<link rel=\"canonical\" href=\"https:\/\/hotelknopp.hr\/en\/nasa-prica\/\" \/>\n<meta property=\"og:locale\" content=\"en_GB\" \/>\n<meta property=\"og:type\" content=\"article\" \/>\n<meta property=\"og:title\" content=\"Na\u0161a pri\u010da - HOTEL KNOPP\" \/>\n<meta property=\"og:description\" content=\"Na\u0161a pri\u010da Spajamo danas s ljep\u0161im do\u017eivljajima malog hotela ma\u0161tovite pro\u0161losti. Hotel Knopp osnovao je Adalbert Knopp stariji1865. godine. Domi\u0161ljat i poduzetan Adalbert osjetio je bilo grada. U hotelu je \u201ckrema\u201d novljanskog dru\u0161tva u\u017eivala u mnogim dru\u0161tvenim i kulturnim sadr\u017eajima, priredbama, koncertima i plesnim zabavama. Ovo mjesto okupljanja i odmora posje\u0107ivali su hrvatski banovi, zagreba\u010dki [&hellip;]\" \/>\n<meta property=\"og:url\" content=\"https:\/\/hotelknopp.hr\/en\/nasa-prica\/\" \/>\n<meta property=\"og:site_name\" content=\"HOTEL KNOPP\" \/>\n<meta property=\"article:publisher\" content=\"https:\/\/www.facebook.com\/hotelKnopp\/?locale=hr_HR\" \/>\n<meta property=\"article:modified_time\" content=\"2026-02-10T08:58:51+00:00\" \/>\n<meta property=\"og:image\" content=\"https:\/\/hotelknopp.hr\/wp-content\/uploads\/2025\/10\/1911.g-putovala.jpg\" \/>\n\t<meta property=\"og:image:width\" content=\"1222\" \/>\n\t<meta property=\"og:image:height\" content=\"900\" \/>\n\t<meta property=\"og:image:type\" content=\"image\/jpeg\" \/>\n<meta name=\"twitter:card\" content=\"summary_large_image\" \/>\n<meta name=\"twitter:label1\" content=\"Estimated reading time\" \/>\n\t<meta name=\"twitter:data1\" content=\"2 minutes\" \/>\n<script type=\"application\/ld+json\" class=\"yoast-schema-graph\">{\"@context\":\"https:\\\/\\\/schema.org\",\"@graph\":[{\"@type\":\"WebPage\",\"@id\":\"https:\\\/\\\/hotelknopp.hr\\\/nasa-prica\\\/\",\"url\":\"https:\\\/\\\/hotelknopp.hr\\\/nasa-prica\\\/\",\"name\":\"Na\u0161a pri\u010da - HOTEL KNOPP\",\"isPartOf\":{\"@id\":\"https:\\\/\\\/hotelknopp.hr\\\/#website\"},\"primaryImageOfPage\":{\"@id\":\"https:\\\/\\\/hotelknopp.hr\\\/nasa-prica\\\/#primaryimage\"},\"image\":{\"@id\":\"https:\\\/\\\/hotelknopp.hr\\\/nasa-prica\\\/#primaryimage\"},\"thumbnailUrl\":\"https:\\\/\\\/hotelknopp.hr\\\/wp-content\\\/uploads\\\/2025\\\/10\\\/1911.g-putovala.jpg\",\"datePublished\":\"2025-10-29T11:40:39+00:00\",\"dateModified\":\"2026-02-10T08:58:51+00:00\",\"breadcrumb\":{\"@id\":\"https:\\\/\\\/hotelknopp.hr\\\/nasa-prica\\\/#breadcrumb\"},\"inLanguage\":\"en-GB\",\"potentialAction\":[{\"@type\":\"ReadAction\",\"target\":[\"https:\\\/\\\/hotelknopp.hr\\\/nasa-prica\\\/\"]}]},{\"@type\":\"ImageObject\",\"inLanguage\":\"en-GB\",\"@id\":\"https:\\\/\\\/hotelknopp.hr\\\/nasa-prica\\\/#primaryimage\",\"url\":\"https:\\\/\\\/hotelknopp.hr\\\/wp-content\\\/uploads\\\/2025\\\/10\\\/1911.g-putovala.jpg\",\"contentUrl\":\"https:\\\/\\\/hotelknopp.hr\\\/wp-content\\\/uploads\\\/2025\\\/10\\\/1911.g-putovala.jpg\",\"width\":1222,\"height\":900},{\"@type\":\"BreadcrumbList\",\"@id\":\"https:\\\/\\\/hotelknopp.hr\\\/nasa-prica\\\/#breadcrumb\",\"itemListElement\":[{\"@type\":\"ListItem\",\"position\":1,\"name\":\"Home\",\"item\":\"https:\\\/\\\/hotelknopp.hr\\\/\"},{\"@type\":\"ListItem\",\"position\":2,\"name\":\"Na\u0161a pri\u010da\"}]},{\"@type\":\"WebSite\",\"@id\":\"https:\\\/\\\/hotelknopp.hr\\\/#website\",\"url\":\"https:\\\/\\\/hotelknopp.hr\\\/\",\"name\":\"HOTEL KNOPP\",\"description\":\"mali hotel profinjenih do\u017eivljaja na sjeci&scaron;tu pro&scaron;losti i budu\u0107nosti\",\"publisher\":{\"@id\":\"https:\\\/\\\/hotelknopp.hr\\\/#organization\"},\"potentialAction\":[{\"@type\":\"SearchAction\",\"target\":{\"@type\":\"EntryPoint\",\"urlTemplate\":\"https:\\\/\\\/hotelknopp.hr\\\/?s={search_term_string}\"},\"query-input\":{\"@type\":\"PropertyValueSpecification\",\"valueRequired\":true,\"valueName\":\"search_term_string\"}}],\"inLanguage\":\"en-GB\"},{\"@type\":\"Organization\",\"@id\":\"https:\\\/\\\/hotelknopp.hr\\\/#organization\",\"name\":\"HOTEL KNOPP\",\"url\":\"https:\\\/\\\/hotelknopp.hr\\\/\",\"logo\":{\"@type\":\"ImageObject\",\"inLanguage\":\"en-GB\",\"@id\":\"https:\\\/\\\/hotelknopp.hr\\\/#\\\/schema\\\/logo\\\/image\\\/\",\"url\":\"https:\\\/\\\/hotelknopp.hr\\\/wp-content\\\/uploads\\\/2025\\\/09\\\/knopp-logo-crni-vertical.png\",\"contentUrl\":\"https:\\\/\\\/hotelknopp.hr\\\/wp-content\\\/uploads\\\/2025\\\/09\\\/knopp-logo-crni-vertical.png\",\"width\":1502,\"height\":1377,\"caption\":\"HOTEL KNOPP\"},\"image\":{\"@id\":\"https:\\\/\\\/hotelknopp.hr\\\/#\\\/schema\\\/logo\\\/image\\\/\"},\"sameAs\":[\"https:\\\/\\\/www.facebook.com\\\/hotelKnopp\\\/?locale=hr_HR\"]}]}<\/script>\n<!-- \/ Yoast SEO plugin. -->","yoast_head_json":{"title":"Na\u0161a pri\u010da - HOTEL KNOPP","robots":{"index":"index","follow":"follow","max-snippet":"max-snippet:-1","max-image-preview":"max-image-preview:large","max-video-preview":"max-video-preview:-1"},"canonical":"https:\/\/hotelknopp.hr\/en\/nasa-prica\/","og_locale":"en_GB","og_type":"article","og_title":"Na\u0161a pri\u010da - HOTEL KNOPP","og_description":"Na\u0161a pri\u010da Spajamo danas s ljep\u0161im do\u017eivljajima malog hotela ma\u0161tovite pro\u0161losti. Hotel Knopp osnovao je Adalbert Knopp stariji1865. godine. Domi\u0161ljat i poduzetan Adalbert osjetio je bilo grada. U hotelu je \u201ckrema\u201d novljanskog dru\u0161tva u\u017eivala u mnogim dru\u0161tvenim i kulturnim sadr\u017eajima, priredbama, koncertima i plesnim zabavama. Ovo mjesto okupljanja i odmora posje\u0107ivali su hrvatski banovi, zagreba\u010dki [&hellip;]","og_url":"https:\/\/hotelknopp.hr\/en\/nasa-prica\/","og_site_name":"HOTEL KNOPP","article_publisher":"https:\/\/www.facebook.com\/hotelKnopp\/?locale=hr_HR","article_modified_time":"2026-02-10T08:58:51+00:00","og_image":[{"width":1222,"height":900,"url":"https:\/\/hotelknopp.hr\/wp-content\/uploads\/2025\/10\/1911.g-putovala.jpg","type":"image\/jpeg"}],"twitter_card":"summary_large_image","twitter_misc":{"Estimated reading time":"2 minutes"},"schema":{"@context":"https:\/\/schema.org","@graph":[{"@type":"WebPage","@id":"https:\/\/hotelknopp.hr\/nasa-prica\/","url":"https:\/\/hotelknopp.hr\/nasa-prica\/","name":"Na\u0161a pri\u010da - HOTEL KNOPP","isPartOf":{"@id":"https:\/\/hotelknopp.hr\/#website"},"primaryImageOfPage":{"@id":"https:\/\/hotelknopp.hr\/nasa-prica\/#primaryimage"},"image":{"@id":"https:\/\/hotelknopp.hr\/nasa-prica\/#primaryimage"},"thumbnailUrl":"https:\/\/hotelknopp.hr\/wp-content\/uploads\/2025\/10\/1911.g-putovala.jpg","datePublished":"2025-10-29T11:40:39+00:00","dateModified":"2026-02-10T08:58:51+00:00","breadcrumb":{"@id":"https:\/\/hotelknopp.hr\/nasa-prica\/#breadcrumb"},"inLanguage":"en-GB","potentialAction":[{"@type":"ReadAction","target":["https:\/\/hotelknopp.hr\/nasa-prica\/"]}]},{"@type":"ImageObject","inLanguage":"en-GB","@id":"https:\/\/hotelknopp.hr\/nasa-prica\/#primaryimage","url":"https:\/\/hotelknopp.hr\/wp-content\/uploads\/2025\/10\/1911.g-putovala.jpg","contentUrl":"https:\/\/hotelknopp.hr\/wp-content\/uploads\/2025\/10\/1911.g-putovala.jpg","width":1222,"height":900},{"@type":"BreadcrumbList","@id":"https:\/\/hotelknopp.hr\/nasa-prica\/#breadcrumb","itemListElement":[{"@type":"ListItem","position":1,"name":"Home","item":"https:\/\/hotelknopp.hr\/"},{"@type":"ListItem","position":2,"name":"Na\u0161a pri\u010da"}]},{"@type":"WebSite","@id":"https:\/\/hotelknopp.hr\/#website","url":"https:\/\/hotelknopp.hr\/","name":"HOTEL KNOPP","description":"mali hotel profinjenih do\u017eivljaja na sjeci&scaron;tu pro&scaron;losti i budu\u0107nosti","publisher":{"@id":"https:\/\/hotelknopp.hr\/#organization"},"potentialAction":[{"@type":"SearchAction","target":{"@type":"EntryPoint","urlTemplate":"https:\/\/hotelknopp.hr\/?s={search_term_string}"},"query-input":{"@type":"PropertyValueSpecification","valueRequired":true,"valueName":"search_term_string"}}],"inLanguage":"en-GB"},{"@type":"Organization","@id":"https:\/\/hotelknopp.hr\/#organization","name":"HOTEL KNOPP","url":"https:\/\/hotelknopp.hr\/","logo":{"@type":"ImageObject","inLanguage":"en-GB","@id":"https:\/\/hotelknopp.hr\/#\/schema\/logo\/image\/","url":"https:\/\/hotelknopp.hr\/wp-content\/uploads\/2025\/09\/knopp-logo-crni-vertical.png","contentUrl":"https:\/\/hotelknopp.hr\/wp-content\/uploads\/2025\/09\/knopp-logo-crni-vertical.png","width":1502,"height":1377,"caption":"HOTEL KNOPP"},"image":{"@id":"https:\/\/hotelknopp.hr\/#\/schema\/logo\/image\/"},"sameAs":["https:\/\/www.facebook.com\/hotelKnopp\/?locale=hr_HR"]}]}},"_links":{"self":[{"href":"https:\/\/hotelknopp.hr\/en\/wp-json\/wp\/v2\/pages\/531","targetHints":{"allow":["GET"]}}],"collection":[{"href":"https:\/\/hotelknopp.hr\/en\/wp-json\/wp\/v2\/pages"}],"about":[{"href":"https:\/\/hotelknopp.hr\/en\/wp-json\/wp\/v2\/types\/page"}],"author":[{"embeddable":true,"href":"https:\/\/hotelknopp.hr\/en\/wp-json\/wp\/v2\/users\/1"}],"replies":[{"embeddable":true,"href":"https:\/\/hotelknopp.hr\/en\/wp-json\/wp\/v2\/comments?post=531"}],"version-history":[{"count":16,"href":"https:\/\/hotelknopp.hr\/en\/wp-json\/wp\/v2\/pages\/531\/revisions"}],"predecessor-version":[{"id":862,"href":"https:\/\/hotelknopp.hr\/en\/wp-json\/wp\/v2\/pages\/531\/revisions\/862"}],"wp:featuredmedia":[{"embeddable":true,"href":"https:\/\/hotelknopp.hr\/en\/wp-json\/wp\/v2\/media\/556"}],"wp:attachment":[{"href":"https:\/\/hotelknopp.hr\/en\/wp-json\/wp\/v2\/media?parent=531"}],"curies":[{"name":"wp","href":"https:\/\/api.w.org\/{rel}","templated":true}]}}