{"id":366,"date":"2025-10-13T12:43:41","date_gmt":"2025-10-13T12:43:41","guid":{"rendered":"https:\/\/hotelknopp.hr\/?page_id=366"},"modified":"2026-02-10T08:58:15","modified_gmt":"2026-02-10T08:58:15","slug":"bar-bozur","status":"publish","type":"page","link":"https:\/\/hotelknopp.hr\/en\/bar-bozur\/","title":{"rendered":"Bar Bo\u017eur"},"content":{"rendered":"<div data-elementor-type=\"wp-page\" data-elementor-id=\"366\" class=\"elementor elementor-366\" data-elementor-post-type=\"page\">\n\t\t\t\t<div class=\"elementor-element elementor-element-50d17f0 e-flex e-con-boxed e-con e-parent\" data-id=\"50d17f0\" data-element_type=\"container\" data-e-type=\"container\" data-settings=\"{&quot;background_background&quot;:&quot;classic&quot;}\">\n\t\t\t\t\t<div class=\"e-con-inner\">\n\t\t\t\t<div class=\"elementor-element elementor-element-2583398 elementor-widget elementor-widget-heading\" data-id=\"2583398\" data-element_type=\"widget\" data-e-type=\"widget\" data-widget_type=\"heading.default\">\n\t\t\t\t\t<h2 class=\"elementor-heading-title elementor-size-default\">Bar Bo\u017eur<\/h2>\t\t\t\t<\/div>\n\t\t\t\t\t<\/div>\n\t\t\t\t<\/div>\n\t\t<div class=\"elementor-element elementor-element-f05b83b e-flex e-con-boxed e-con e-parent\" data-id=\"f05b83b\" data-element_type=\"container\" data-e-type=\"container\">\n\t\t\t\t\t<div class=\"e-con-inner\">\n\t\t<div class=\"elementor-element elementor-element-4db7e56 e-con-full e-flex elementor-invisible e-con e-child\" data-id=\"4db7e56\" data-element_type=\"container\" data-e-type=\"container\" data-settings=\"{&quot;animation&quot;:&quot;fadeInLeft&quot;}\">\n\t\t\t\t<div class=\"elementor-element elementor-element-4c6fffe elementor-widget elementor-widget-image\" data-id=\"4c6fffe\" data-element_type=\"widget\" data-e-type=\"widget\" data-widget_type=\"image.default\">\n\t\t\t\t\t\t\t\t\t\t\t\t\t\t\t<img fetchpriority=\"high\" decoding=\"async\" width=\"1350\" height=\"900\" src=\"https:\/\/hotelknopp.hr\/wp-content\/uploads\/2025\/10\/TOM9598.jpg\" class=\"attachment-full size-full wp-image-496\" alt=\"\" srcset=\"https:\/\/hotelknopp.hr\/wp-content\/uploads\/2025\/10\/TOM9598.jpg 1350w, https:\/\/hotelknopp.hr\/wp-content\/uploads\/2025\/10\/TOM9598-300x200.jpg 300w, https:\/\/hotelknopp.hr\/wp-content\/uploads\/2025\/10\/TOM9598-1024x683.jpg 1024w, https:\/\/hotelknopp.hr\/wp-content\/uploads\/2025\/10\/TOM9598-768x512.jpg 768w\" sizes=\"(max-width: 1350px) 100vw, 1350px\" \/>\t\t\t\t\t\t\t\t\t\t\t\t\t\t\t<\/div>\n\t\t\t\t<\/div>\n\t\t<div class=\"elementor-element elementor-element-cbbe5b9 e-con-full e-flex elementor-invisible e-con e-child\" data-id=\"cbbe5b9\" data-element_type=\"container\" data-e-type=\"container\" data-settings=\"{&quot;animation&quot;:&quot;fadeInDown&quot;,&quot;animation_delay&quot;:500}\">\n\t\t\t\t<div class=\"elementor-element elementor-element-4c97419 elementor-widget elementor-widget-image\" data-id=\"4c97419\" data-element_type=\"widget\" data-e-type=\"widget\" data-widget_type=\"image.default\">\n\t\t\t\t\t\t\t\t\t\t\t\t\t\t\t<img decoding=\"async\" width=\"1600\" height=\"1067\" src=\"https:\/\/hotelknopp.hr\/wp-content\/uploads\/2025\/10\/571990940_795656053450075_1247476430462061059_n.jpg\" class=\"attachment-full size-full wp-image-494\" alt=\"\" srcset=\"https:\/\/hotelknopp.hr\/wp-content\/uploads\/2025\/10\/571990940_795656053450075_1247476430462061059_n.jpg 1600w, https:\/\/hotelknopp.hr\/wp-content\/uploads\/2025\/10\/571990940_795656053450075_1247476430462061059_n-300x200.jpg 300w, https:\/\/hotelknopp.hr\/wp-content\/uploads\/2025\/10\/571990940_795656053450075_1247476430462061059_n-1024x683.jpg 1024w, https:\/\/hotelknopp.hr\/wp-content\/uploads\/2025\/10\/571990940_795656053450075_1247476430462061059_n-768x512.jpg 768w, https:\/\/hotelknopp.hr\/wp-content\/uploads\/2025\/10\/571990940_795656053450075_1247476430462061059_n-1536x1024.jpg 1536w\" sizes=\"(max-width: 1600px) 100vw, 1600px\" \/>\t\t\t\t\t\t\t\t\t\t\t\t\t\t\t<\/div>\n\t\t\t\t<\/div>\n\t\t<div class=\"elementor-element elementor-element-0d14b71 e-con-full e-flex elementor-invisible e-con e-child\" data-id=\"0d14b71\" data-element_type=\"container\" data-e-type=\"container\" data-settings=\"{&quot;animation&quot;:&quot;fadeInRight&quot;}\">\n\t\t\t\t<div class=\"elementor-element elementor-element-4e8f181 elementor-widget elementor-widget-image\" data-id=\"4e8f181\" data-element_type=\"widget\" data-e-type=\"widget\" data-widget_type=\"image.default\">\n\t\t\t\t\t\t\t\t\t\t\t\t\t\t\t<img decoding=\"async\" width=\"1350\" height=\"900\" src=\"https:\/\/hotelknopp.hr\/wp-content\/uploads\/2025\/10\/TOM9623.jpg\" class=\"attachment-full size-full wp-image-495\" alt=\"\" srcset=\"https:\/\/hotelknopp.hr\/wp-content\/uploads\/2025\/10\/TOM9623.jpg 1350w, https:\/\/hotelknopp.hr\/wp-content\/uploads\/2025\/10\/TOM9623-300x200.jpg 300w, https:\/\/hotelknopp.hr\/wp-content\/uploads\/2025\/10\/TOM9623-1024x683.jpg 1024w, https:\/\/hotelknopp.hr\/wp-content\/uploads\/2025\/10\/TOM9623-768x512.jpg 768w\" sizes=\"(max-width: 1350px) 100vw, 1350px\" \/>\t\t\t\t\t\t\t\t\t\t\t\t\t\t\t<\/div>\n\t\t\t\t<\/div>\n\t\t\t\t\t<\/div>\n\t\t\t\t<\/div>\n\t\t<div class=\"elementor-element elementor-element-7cae304 e-flex e-con-boxed e-con e-parent\" data-id=\"7cae304\" data-element_type=\"container\" data-e-type=\"container\">\n\t\t\t\t\t<div class=\"e-con-inner\">\n\t\t<div class=\"elementor-element elementor-element-d8f0a97 e-con-full e-flex elementor-invisible e-con e-child\" data-id=\"d8f0a97\" data-element_type=\"container\" data-e-type=\"container\" data-settings=\"{&quot;background_background&quot;:&quot;classic&quot;,&quot;animation&quot;:&quot;fadeInLeft&quot;,&quot;animation_delay&quot;:700}\">\n\t\t\t\t<div class=\"elementor-element elementor-element-6fc2979 elementor-widget elementor-widget-heading\" data-id=\"6fc2979\" data-element_type=\"widget\" data-e-type=\"widget\" data-widget_type=\"heading.default\">\n\t\t\t\t\t<h2 class=\"elementor-heading-title elementor-size-default\">Bar Bo\u017eur is an elegant, modern sanctuary in the heart of Novska<\/h2>\t\t\t\t<\/div>\n\t\t\t\t<div class=\"elementor-element elementor-element-d00cc6c elementor-widget__width-initial elementor-widget elementor-widget-text-editor\" data-id=\"d00cc6c\" data-element_type=\"widget\" data-e-type=\"widget\" data-widget_type=\"text-editor.default\">\n\t\t\t\t\t\t\t\t\t<p class=\"translation-block\">a place where indulgence and luxury become a daily ritual. With exceptional coffee, homemade raspberry cordial, and vibrant cocktails adorned with imaginative ice, every moment here becomes one worth remembering.<\/p>\t\t\t\t\t\t\t\t<\/div>\n\t\t\t\t<\/div>\n\t\t<div class=\"elementor-element elementor-element-51854bd e-con-full e-flex elementor-invisible e-con e-child\" data-id=\"51854bd\" data-element_type=\"container\" data-e-type=\"container\" data-settings=\"{&quot;background_background&quot;:&quot;classic&quot;,&quot;animation&quot;:&quot;fadeInRight&quot;,&quot;animation_delay&quot;:900}\">\n\t\t\t\t<\/div>\n\t\t\t\t\t<\/div>\n\t\t\t\t<\/div>\n\t\t<div class=\"elementor-element elementor-element-ebb9a86 e-flex e-con-boxed e-con e-parent\" data-id=\"ebb9a86\" data-element_type=\"container\" data-e-type=\"container\">\n\t\t\t\t\t<div class=\"e-con-inner\">\n\t\t<div class=\"elementor-element elementor-element-8931aa9 e-con-full e-flex elementor-invisible e-con e-child\" data-id=\"8931aa9\" data-element_type=\"container\" data-e-type=\"container\" data-settings=\"{&quot;background_background&quot;:&quot;classic&quot;,&quot;animation&quot;:&quot;fadeInLeft&quot;}\">\n\t\t\t\t<\/div>\n\t\t<div class=\"elementor-element elementor-element-f0def41 e-con-full e-flex elementor-invisible e-con e-child\" data-id=\"f0def41\" data-element_type=\"container\" data-e-type=\"container\" data-settings=\"{&quot;background_background&quot;:&quot;classic&quot;,&quot;animation&quot;:&quot;fadeInRight&quot;}\">\n\t\t\t\t<div class=\"elementor-element elementor-element-e092d7f elementor-widget elementor-widget-heading\" data-id=\"e092d7f\" data-element_type=\"widget\" data-e-type=\"widget\" data-widget_type=\"heading.default\">\n\t\t\t\t\t<h2 class=\"elementor-heading-title elementor-size-default\">Sip slowly and enjoy<\/h2>\t\t\t\t<\/div>\n\t\t\t\t<div class=\"elementor-element elementor-element-276b426 elementor-widget__width-initial elementor-widget elementor-widget-text-editor\" data-id=\"276b426\" data-element_type=\"widget\" data-e-type=\"widget\" data-widget_type=\"text-editor.default\">\n\t\t\t\t\t\t\t\t\t<p>the warmth of moments meant to be remembered.<\/p><p>Whether it\u2019s your morning coffee, an afternoon refreshment, or an evening cocktail \nBo\u017eur is the bar you will always long to return to.<\/p>\t\t\t\t\t\t\t\t<\/div>\n\t\t\t\t<\/div>\n\t\t\t\t\t<\/div>\n\t\t\t\t<\/div>\n\t\t<div class=\"elementor-element elementor-element-c054c31 e-flex e-con-boxed elementor-invisible e-con e-parent\" data-id=\"c054c31\" data-element_type=\"container\" data-e-type=\"container\" data-settings=\"{&quot;animation&quot;:&quot;fadeInUp&quot;}\">\n\t\t\t\t\t<div class=\"e-con-inner\">\n\t\t<div class=\"elementor-element elementor-element-7779f0c e-con-full e-flex e-con e-child\" data-id=\"7779f0c\" data-element_type=\"container\" data-e-type=\"container\" data-settings=\"{&quot;background_background&quot;:&quot;classic&quot;}\">\n\t\t\t\t<div class=\"elementor-element elementor-element-d40c06c elementor-widget elementor-widget-heading\" data-id=\"d40c06c\" data-element_type=\"widget\" data-e-type=\"widget\" data-widget_type=\"heading.default\">\n\t\t\t\t\t<h2 class=\"elementor-heading-title elementor-size-default\">Posebna ponuda<\/h2>\t\t\t\t<\/div>\n\t\t\t\t<div class=\"elementor-element elementor-element-60bb3c8 elementor-widget elementor-widget-gallery\" data-id=\"60bb3c8\" data-element_type=\"widget\" data-e-type=\"widget\" data-settings=\"{&quot;gallery_layout&quot;:&quot;masonry&quot;,&quot;columns&quot;:2,&quot;lazyload&quot;:&quot;yes&quot;,&quot;columns_tablet&quot;:2,&quot;columns_mobile&quot;:1,&quot;gap&quot;:{&quot;unit&quot;:&quot;px&quot;,&quot;size&quot;:10,&quot;sizes&quot;:[]},&quot;gap_tablet&quot;:{&quot;unit&quot;:&quot;px&quot;,&quot;size&quot;:10,&quot;sizes&quot;:[]},&quot;gap_mobile&quot;:{&quot;unit&quot;:&quot;px&quot;,&quot;size&quot;:10,&quot;sizes&quot;:[]},&quot;link_to&quot;:&quot;file&quot;,&quot;overlay_background&quot;:&quot;yes&quot;,&quot;content_hover_animation&quot;:&quot;fade-in&quot;}\" data-widget_type=\"gallery.default\">\n\t\t\t\t\t\t\t<div class=\"elementor-gallery__container\">\n\t\t\t\t\t\t\t<a class=\"e-gallery-item elementor-gallery-item elementor-animated-content\" href=\"https:\/\/hotelknopp.hr\/wp-content\/uploads\/2025\/11\/Posebna-ponuda-TV-03.jpg\" data-elementor-open-lightbox=\"yes\" data-elementor-lightbox-slideshow=\"60bb3c8\" data-elementor-lightbox-title=\"Posebna ponuda - TV-03\" data-e-action-hash=\"#elementor-action%3Aaction%3Dlightbox%26settings%3DeyJpZCI6NzEzLCJ1cmwiOiJodHRwczpcL1wvaG90ZWxrbm9wcC5oclwvd3AtY29udGVudFwvdXBsb2Fkc1wvMjAyNVwvMTFcL1Bvc2VibmEtcG9udWRhLVRWLTAzLmpwZyIsInNsaWRlc2hvdyI6IjYwYmIzYzgifQ%3D%3D\">\n\t\t\t\t\t<div class=\"e-gallery-image elementor-gallery-item__image\" data-thumbnail=\"https:\/\/hotelknopp.hr\/wp-content\/uploads\/2025\/11\/Posebna-ponuda-TV-03-1024x576.jpg\" data-width=\"800\" data-height=\"450\" aria-label=\"\" role=\"img\" ><\/div>\n\t\t\t\t\t\t\t\t\t\t\t<div class=\"elementor-gallery-item__overlay\"><\/div>\n\t\t\t\t\t\t\t\t\t\t\t\t\t\t<\/a>\n\t\t\t\t\t\t\t<a class=\"e-gallery-item elementor-gallery-item elementor-animated-content\" href=\"https:\/\/hotelknopp.hr\/wp-content\/uploads\/2025\/11\/Posebna-ponuda-TV-04.jpg\" data-elementor-open-lightbox=\"yes\" data-elementor-lightbox-slideshow=\"60bb3c8\" data-elementor-lightbox-title=\"Posebna ponuda - TV-04\" data-e-action-hash=\"#elementor-action%3Aaction%3Dlightbox%26settings%3DeyJpZCI6NzE0LCJ1cmwiOiJodHRwczpcL1wvaG90ZWxrbm9wcC5oclwvd3AtY29udGVudFwvdXBsb2Fkc1wvMjAyNVwvMTFcL1Bvc2VibmEtcG9udWRhLVRWLTA0LmpwZyIsInNsaWRlc2hvdyI6IjYwYmIzYzgifQ%3D%3D\">\n\t\t\t\t\t<div class=\"e-gallery-image elementor-gallery-item__image\" data-thumbnail=\"https:\/\/hotelknopp.hr\/wp-content\/uploads\/2025\/11\/Posebna-ponuda-TV-04-1024x576.jpg\" data-width=\"800\" data-height=\"450\" aria-label=\"\" role=\"img\" ><\/div>\n\t\t\t\t\t\t\t\t\t\t\t<div class=\"elementor-gallery-item__overlay\"><\/div>\n\t\t\t\t\t\t\t\t\t\t\t\t\t\t<\/a>\n\t\t\t\t\t\t\t<a class=\"e-gallery-item elementor-gallery-item elementor-animated-content\" href=\"https:\/\/hotelknopp.hr\/wp-content\/uploads\/2025\/11\/Posebna-ponuda-TV-01.jpg\" data-elementor-open-lightbox=\"yes\" data-elementor-lightbox-slideshow=\"60bb3c8\" data-elementor-lightbox-title=\"Posebna ponuda - TV-01\" data-e-action-hash=\"#elementor-action%3Aaction%3Dlightbox%26settings%3DeyJpZCI6NzE1LCJ1cmwiOiJodHRwczpcL1wvaG90ZWxrbm9wcC5oclwvd3AtY29udGVudFwvdXBsb2Fkc1wvMjAyNVwvMTFcL1Bvc2VibmEtcG9udWRhLVRWLTAxLmpwZyIsInNsaWRlc2hvdyI6IjYwYmIzYzgifQ%3D%3D\">\n\t\t\t\t\t<div class=\"e-gallery-image elementor-gallery-item__image\" data-thumbnail=\"https:\/\/hotelknopp.hr\/wp-content\/uploads\/2025\/11\/Posebna-ponuda-TV-01-1024x576.jpg\" data-width=\"800\" data-height=\"450\" aria-label=\"\" role=\"img\" ><\/div>\n\t\t\t\t\t\t\t\t\t\t\t<div class=\"elementor-gallery-item__overlay\"><\/div>\n\t\t\t\t\t\t\t\t\t\t\t\t\t\t<\/a>\n\t\t\t\t\t\t\t<a class=\"e-gallery-item elementor-gallery-item elementor-animated-content\" href=\"https:\/\/hotelknopp.hr\/wp-content\/uploads\/2025\/11\/Posebna-ponuda-TV-02.jpg\" data-elementor-open-lightbox=\"yes\" data-elementor-lightbox-slideshow=\"60bb3c8\" data-elementor-lightbox-title=\"Posebna ponuda - TV-02\" data-e-action-hash=\"#elementor-action%3Aaction%3Dlightbox%26settings%3DeyJpZCI6NzE2LCJ1cmwiOiJodHRwczpcL1wvaG90ZWxrbm9wcC5oclwvd3AtY29udGVudFwvdXBsb2Fkc1wvMjAyNVwvMTFcL1Bvc2VibmEtcG9udWRhLVRWLTAyLmpwZyIsInNsaWRlc2hvdyI6IjYwYmIzYzgifQ%3D%3D\">\n\t\t\t\t\t<div class=\"e-gallery-image elementor-gallery-item__image\" data-thumbnail=\"https:\/\/hotelknopp.hr\/wp-content\/uploads\/2025\/11\/Posebna-ponuda-TV-02-1024x576.jpg\" data-width=\"800\" data-height=\"450\" aria-label=\"\" role=\"img\" ><\/div>\n\t\t\t\t\t\t\t\t\t\t\t<div class=\"elementor-gallery-item__overlay\"><\/div>\n\t\t\t\t\t\t\t\t\t\t\t\t\t\t<\/a>\n\t\t\t\t\t<\/div>\n\t\t\t\t\t<\/div>\n\t\t\t\t<\/div>\n\t\t\t\t\t<\/div>\n\t\t\t\t<\/div>\n\t\t<div class=\"elementor-element elementor-element-be6e9e6 e-flex e-con-boxed elementor-invisible e-con e-parent\" data-id=\"be6e9e6\" data-element_type=\"container\" data-e-type=\"container\" data-settings=\"{&quot;animation&quot;:&quot;fadeInUp&quot;}\">\n\t\t\t\t\t<div class=\"e-con-inner\">\n\t\t<div class=\"elementor-element elementor-element-b7cd866 e-con-full e-flex e-con e-child\" data-id=\"b7cd866\" data-element_type=\"container\" data-e-type=\"container\" data-settings=\"{&quot;background_background&quot;:&quot;classic&quot;}\">\n\t\t\t\t<div class=\"elementor-element elementor-element-e2908bd elementor-widget elementor-widget-heading\" data-id=\"e2908bd\" data-element_type=\"widget\" data-e-type=\"widget\" data-widget_type=\"heading.default\">\n\t\t\t\t\t<h2 class=\"elementor-heading-title elementor-size-default translation-block\">Our signature cocktails,  <i>Raspberry Garden<\/i> and  <i>Local Potion<\/i>, celebrate the flavours of our region and the unique atmosphere of Bo\u017eur.<\/h2>\t\t\t\t<\/div>\n\t\t\t\t<div class=\"elementor-element elementor-element-86a439a elementor-widget__width-initial elementor-widget elementor-widget-text-editor\" data-id=\"86a439a\" data-element_type=\"widget\" data-e-type=\"widget\" data-widget_type=\"text-editor.default\">\n\t\t\t\t\t\t\t\t\t<p>Expertly crafted drinks and meticulous service create an experience that lingers far beyond the last sip.<\/p>\t\t\t\t\t\t\t\t<\/div>\n\t\t\t\t<\/div>\n\t\t\t\t\t<\/div>\n\t\t\t\t<\/div>\n\t\t\t\t<\/div>","protected":false},"excerpt":{"rendered":"<p>Bar Bo\u017eur Bar Bo\u017eur je elegantno urbano skrovi\u0161te u Novskoj gdje se ritual u\u017eivanja pretvara u svakodnevni luksuz. Uz vrhunsku kavu, doma\u0107i sok od maline i vibrantne koktele s ma\u0161tovitim ledom, trenuci postaju vrijedni pam\u0107enja. Ovdje se u\u017eiva polako &#8211; gutljaj po gutljaj, uz osmijeh i trenutke koji zaslu\u017euju fotografiju. Za jutarnju kavu, popodnevno osvje\u017eenje [&hellip;]<\/p>\n","protected":false},"author":1,"featured_media":76,"parent":0,"menu_order":0,"comment_status":"closed","ping_status":"closed","template":"elementor_header_footer","meta":{"footnotes":""},"class_list":["post-366","page","type-page","status-publish","has-post-thumbnail","hentry"],"yoast_head":"<!-- This site is optimized with the Yoast SEO plugin v27.4 - https:\/\/yoast.com\/product\/yoast-seo-wordpress\/ -->\n<title>Bar Bo\u017eur - HOTEL KNOPP<\/title>\n<meta name=\"robots\" content=\"index, follow, max-snippet:-1, max-image-preview:large, max-video-preview:-1\" \/>\n<link rel=\"canonical\" href=\"https:\/\/hotelknopp.hr\/en\/bar-bozur\/\" \/>\n<meta property=\"og:locale\" content=\"en_GB\" \/>\n<meta property=\"og:type\" content=\"article\" \/>\n<meta property=\"og:title\" content=\"Bar Bo\u017eur - HOTEL KNOPP\" \/>\n<meta property=\"og:description\" content=\"Bar Bo\u017eur Bar Bo\u017eur je elegantno urbano skrovi\u0161te u Novskoj gdje se ritual u\u017eivanja pretvara u svakodnevni luksuz. Uz vrhunsku kavu, doma\u0107i sok od maline i vibrantne koktele s ma\u0161tovitim ledom, trenuci postaju vrijedni pam\u0107enja. Ovdje se u\u017eiva polako &#8211; gutljaj po gutljaj, uz osmijeh i trenutke koji zaslu\u017euju fotografiju. Za jutarnju kavu, popodnevno osvje\u017eenje [&hellip;]\" \/>\n<meta property=\"og:url\" content=\"https:\/\/hotelknopp.hr\/en\/bar-bozur\/\" \/>\n<meta property=\"og:site_name\" content=\"HOTEL KNOPP\" \/>\n<meta property=\"article:publisher\" content=\"https:\/\/www.facebook.com\/hotelKnopp\/?locale=hr_HR\" \/>\n<meta property=\"article:modified_time\" content=\"2026-02-10T08:58:15+00:00\" \/>\n<meta property=\"og:image\" content=\"https:\/\/hotelknopp.hr\/wp-content\/uploads\/2025\/09\/knopp-logo-crni-vertical.png\" \/>\n\t<meta property=\"og:image:width\" content=\"1502\" \/>\n\t<meta property=\"og:image:height\" content=\"1377\" \/>\n\t<meta property=\"og:image:type\" content=\"image\/png\" \/>\n<meta name=\"twitter:card\" content=\"summary_large_image\" \/>\n<meta name=\"twitter:label1\" content=\"Estimated reading time\" \/>\n\t<meta name=\"twitter:data1\" content=\"1 minute\" \/>\n<script type=\"application\/ld+json\" class=\"yoast-schema-graph\">{\"@context\":\"https:\\\/\\\/schema.org\",\"@graph\":[{\"@type\":\"WebPage\",\"@id\":\"https:\\\/\\\/hotelknopp.hr\\\/bar-bozur\\\/\",\"url\":\"https:\\\/\\\/hotelknopp.hr\\\/bar-bozur\\\/\",\"name\":\"Bar Bo\u017eur - HOTEL KNOPP\",\"isPartOf\":{\"@id\":\"https:\\\/\\\/hotelknopp.hr\\\/#website\"},\"primaryImageOfPage\":{\"@id\":\"https:\\\/\\\/hotelknopp.hr\\\/bar-bozur\\\/#primaryimage\"},\"image\":{\"@id\":\"https:\\\/\\\/hotelknopp.hr\\\/bar-bozur\\\/#primaryimage\"},\"thumbnailUrl\":\"https:\\\/\\\/hotelknopp.hr\\\/wp-content\\\/uploads\\\/2025\\\/09\\\/knopp-logo-crni-vertical.png\",\"datePublished\":\"2025-10-13T12:43:41+00:00\",\"dateModified\":\"2026-02-10T08:58:15+00:00\",\"breadcrumb\":{\"@id\":\"https:\\\/\\\/hotelknopp.hr\\\/bar-bozur\\\/#breadcrumb\"},\"inLanguage\":\"en-GB\",\"potentialAction\":[{\"@type\":\"ReadAction\",\"target\":[\"https:\\\/\\\/hotelknopp.hr\\\/bar-bozur\\\/\"]}]},{\"@type\":\"ImageObject\",\"inLanguage\":\"en-GB\",\"@id\":\"https:\\\/\\\/hotelknopp.hr\\\/bar-bozur\\\/#primaryimage\",\"url\":\"https:\\\/\\\/hotelknopp.hr\\\/wp-content\\\/uploads\\\/2025\\\/09\\\/knopp-logo-crni-vertical.png\",\"contentUrl\":\"https:\\\/\\\/hotelknopp.hr\\\/wp-content\\\/uploads\\\/2025\\\/09\\\/knopp-logo-crni-vertical.png\",\"width\":1502,\"height\":1377},{\"@type\":\"BreadcrumbList\",\"@id\":\"https:\\\/\\\/hotelknopp.hr\\\/bar-bozur\\\/#breadcrumb\",\"itemListElement\":[{\"@type\":\"ListItem\",\"position\":1,\"name\":\"Home\",\"item\":\"https:\\\/\\\/hotelknopp.hr\\\/\"},{\"@type\":\"ListItem\",\"position\":2,\"name\":\"Bar Bo\u017eur\"}]},{\"@type\":\"WebSite\",\"@id\":\"https:\\\/\\\/hotelknopp.hr\\\/#website\",\"url\":\"https:\\\/\\\/hotelknopp.hr\\\/\",\"name\":\"HOTEL KNOPP\",\"description\":\"mali hotel profinjenih do\u017eivljaja na sjeci&scaron;tu pro&scaron;losti i budu\u0107nosti\",\"publisher\":{\"@id\":\"https:\\\/\\\/hotelknopp.hr\\\/#organization\"},\"potentialAction\":[{\"@type\":\"SearchAction\",\"target\":{\"@type\":\"EntryPoint\",\"urlTemplate\":\"https:\\\/\\\/hotelknopp.hr\\\/?s={search_term_string}\"},\"query-input\":{\"@type\":\"PropertyValueSpecification\",\"valueRequired\":true,\"valueName\":\"search_term_string\"}}],\"inLanguage\":\"en-GB\"},{\"@type\":\"Organization\",\"@id\":\"https:\\\/\\\/hotelknopp.hr\\\/#organization\",\"name\":\"HOTEL KNOPP\",\"url\":\"https:\\\/\\\/hotelknopp.hr\\\/\",\"logo\":{\"@type\":\"ImageObject\",\"inLanguage\":\"en-GB\",\"@id\":\"https:\\\/\\\/hotelknopp.hr\\\/#\\\/schema\\\/logo\\\/image\\\/\",\"url\":\"https:\\\/\\\/hotelknopp.hr\\\/wp-content\\\/uploads\\\/2025\\\/09\\\/knopp-logo-crni-vertical.png\",\"contentUrl\":\"https:\\\/\\\/hotelknopp.hr\\\/wp-content\\\/uploads\\\/2025\\\/09\\\/knopp-logo-crni-vertical.png\",\"width\":1502,\"height\":1377,\"caption\":\"HOTEL KNOPP\"},\"image\":{\"@id\":\"https:\\\/\\\/hotelknopp.hr\\\/#\\\/schema\\\/logo\\\/image\\\/\"},\"sameAs\":[\"https:\\\/\\\/www.facebook.com\\\/hotelKnopp\\\/?locale=hr_HR\"]}]}<\/script>\n<!-- \/ Yoast SEO plugin. -->","yoast_head_json":{"title":"Bar Bo\u017eur - HOTEL KNOPP","robots":{"index":"index","follow":"follow","max-snippet":"max-snippet:-1","max-image-preview":"max-image-preview:large","max-video-preview":"max-video-preview:-1"},"canonical":"https:\/\/hotelknopp.hr\/en\/bar-bozur\/","og_locale":"en_GB","og_type":"article","og_title":"Bar Bo\u017eur - HOTEL KNOPP","og_description":"Bar Bo\u017eur Bar Bo\u017eur je elegantno urbano skrovi\u0161te u Novskoj gdje se ritual u\u017eivanja pretvara u svakodnevni luksuz. Uz vrhunsku kavu, doma\u0107i sok od maline i vibrantne koktele s ma\u0161tovitim ledom, trenuci postaju vrijedni pam\u0107enja. Ovdje se u\u017eiva polako &#8211; gutljaj po gutljaj, uz osmijeh i trenutke koji zaslu\u017euju fotografiju. Za jutarnju kavu, popodnevno osvje\u017eenje [&hellip;]","og_url":"https:\/\/hotelknopp.hr\/en\/bar-bozur\/","og_site_name":"HOTEL KNOPP","article_publisher":"https:\/\/www.facebook.com\/hotelKnopp\/?locale=hr_HR","article_modified_time":"2026-02-10T08:58:15+00:00","og_image":[{"width":1502,"height":1377,"url":"https:\/\/hotelknopp.hr\/wp-content\/uploads\/2025\/09\/knopp-logo-crni-vertical.png","type":"image\/png"}],"twitter_card":"summary_large_image","twitter_misc":{"Estimated reading time":"1 minute"},"schema":{"@context":"https:\/\/schema.org","@graph":[{"@type":"WebPage","@id":"https:\/\/hotelknopp.hr\/bar-bozur\/","url":"https:\/\/hotelknopp.hr\/bar-bozur\/","name":"Bar Bo\u017eur - HOTEL KNOPP","isPartOf":{"@id":"https:\/\/hotelknopp.hr\/#website"},"primaryImageOfPage":{"@id":"https:\/\/hotelknopp.hr\/bar-bozur\/#primaryimage"},"image":{"@id":"https:\/\/hotelknopp.hr\/bar-bozur\/#primaryimage"},"thumbnailUrl":"https:\/\/hotelknopp.hr\/wp-content\/uploads\/2025\/09\/knopp-logo-crni-vertical.png","datePublished":"2025-10-13T12:43:41+00:00","dateModified":"2026-02-10T08:58:15+00:00","breadcrumb":{"@id":"https:\/\/hotelknopp.hr\/bar-bozur\/#breadcrumb"},"inLanguage":"en-GB","potentialAction":[{"@type":"ReadAction","target":["https:\/\/hotelknopp.hr\/bar-bozur\/"]}]},{"@type":"ImageObject","inLanguage":"en-GB","@id":"https:\/\/hotelknopp.hr\/bar-bozur\/#primaryimage","url":"https:\/\/hotelknopp.hr\/wp-content\/uploads\/2025\/09\/knopp-logo-crni-vertical.png","contentUrl":"https:\/\/hotelknopp.hr\/wp-content\/uploads\/2025\/09\/knopp-logo-crni-vertical.png","width":1502,"height":1377},{"@type":"BreadcrumbList","@id":"https:\/\/hotelknopp.hr\/bar-bozur\/#breadcrumb","itemListElement":[{"@type":"ListItem","position":1,"name":"Home","item":"https:\/\/hotelknopp.hr\/"},{"@type":"ListItem","position":2,"name":"Bar Bo\u017eur"}]},{"@type":"WebSite","@id":"https:\/\/hotelknopp.hr\/#website","url":"https:\/\/hotelknopp.hr\/","name":"HOTEL KNOPP","description":"mali hotel profinjenih do\u017eivljaja na sjeci&scaron;tu pro&scaron;losti i budu\u0107nosti","publisher":{"@id":"https:\/\/hotelknopp.hr\/#organization"},"potentialAction":[{"@type":"SearchAction","target":{"@type":"EntryPoint","urlTemplate":"https:\/\/hotelknopp.hr\/?s={search_term_string}"},"query-input":{"@type":"PropertyValueSpecification","valueRequired":true,"valueName":"search_term_string"}}],"inLanguage":"en-GB"},{"@type":"Organization","@id":"https:\/\/hotelknopp.hr\/#organization","name":"HOTEL KNOPP","url":"https:\/\/hotelknopp.hr\/","logo":{"@type":"ImageObject","inLanguage":"en-GB","@id":"https:\/\/hotelknopp.hr\/#\/schema\/logo\/image\/","url":"https:\/\/hotelknopp.hr\/wp-content\/uploads\/2025\/09\/knopp-logo-crni-vertical.png","contentUrl":"https:\/\/hotelknopp.hr\/wp-content\/uploads\/2025\/09\/knopp-logo-crni-vertical.png","width":1502,"height":1377,"caption":"HOTEL KNOPP"},"image":{"@id":"https:\/\/hotelknopp.hr\/#\/schema\/logo\/image\/"},"sameAs":["https:\/\/www.facebook.com\/hotelKnopp\/?locale=hr_HR"]}]}},"_links":{"self":[{"href":"https:\/\/hotelknopp.hr\/en\/wp-json\/wp\/v2\/pages\/366","targetHints":{"allow":["GET"]}}],"collection":[{"href":"https:\/\/hotelknopp.hr\/en\/wp-json\/wp\/v2\/pages"}],"about":[{"href":"https:\/\/hotelknopp.hr\/en\/wp-json\/wp\/v2\/types\/page"}],"author":[{"embeddable":true,"href":"https:\/\/hotelknopp.hr\/en\/wp-json\/wp\/v2\/users\/1"}],"replies":[{"embeddable":true,"href":"https:\/\/hotelknopp.hr\/en\/wp-json\/wp\/v2\/comments?post=366"}],"version-history":[{"count":37,"href":"https:\/\/hotelknopp.hr\/en\/wp-json\/wp\/v2\/pages\/366\/revisions"}],"predecessor-version":[{"id":859,"href":"https:\/\/hotelknopp.hr\/en\/wp-json\/wp\/v2\/pages\/366\/revisions\/859"}],"wp:featuredmedia":[{"embeddable":true,"href":"https:\/\/hotelknopp.hr\/en\/wp-json\/wp\/v2\/media\/76"}],"wp:attachment":[{"href":"https:\/\/hotelknopp.hr\/en\/wp-json\/wp\/v2\/media?parent=366"}],"curies":[{"name":"wp","href":"https:\/\/api.w.org\/{rel}","templated":true}]}}